{"id":9477,"date":"2021-10-27T11:38:33","date_gmt":"2021-10-27T09:38:33","guid":{"rendered":"https:\/\/hautescances.ugocom.fr\/?page_id=9477"},"modified":"2024-11-13T16:35:43","modified_gmt":"2024-11-13T15:35:43","slug":"cairanne-wines-cotes-du-rhone-red","status":"publish","type":"page","link":"https:\/\/www.hautescances.com\/en\/cairanne-wines-cotes-du-rhone-red\/","title":{"rendered":"C\u00f4tes du Rh\u00f4ne Red"},"content":{"rendered":"\t\t<div data-elementor-type=\"wp-page\" data-elementor-id=\"9477\" class=\"elementor elementor-9477 elementor-9410\" data-elementor-post-type=\"page\">\n\t\t\t\t\t\t<section class=\"elementor-section elementor-top-section elementor-element elementor-element-7555b444 elementor-section-stretched elementor-section-boxed elementor-section-height-default elementor-section-height-default\" data-id=\"7555b444\" data-element_type=\"section\" data-e-type=\"section\" data-settings=\"{&quot;stretch_section&quot;:&quot;section-stretched&quot;,&quot;background_background&quot;:&quot;classic&quot;}\">\n\t\t\t\t\t\t<div class=\"elementor-container elementor-column-gap-default\">\n\t\t\t\t\t<div class=\"elementor-column elementor-col-100 elementor-top-column elementor-element elementor-element-5da084f7\" data-id=\"5da084f7\" data-element_type=\"column\" data-e-type=\"column\">\n\t\t\t<div class=\"elementor-widget-wrap elementor-element-populated\">\n\t\t\t\t\t\t<div class=\"elementor-element elementor-element-66ec56ce elementor-widget elementor-widget-spacer\" data-id=\"66ec56ce\" data-element_type=\"widget\" data-e-type=\"widget\" data-widget_type=\"spacer.default\">\n\t\t\t\t<div class=\"elementor-widget-container\">\n\t\t\t\t\t\t\t<div class=\"elementor-spacer\">\n\t\t\t<div class=\"elementor-spacer-inner\"><\/div>\n\t\t<\/div>\n\t\t\t\t\t\t<\/div>\n\t\t\t\t<\/div>\n\t\t\t\t\t<\/div>\n\t\t<\/div>\n\t\t\t\t\t<\/div>\n\t\t<\/section>\n\t\t\t\t<section class=\"elementor-section elementor-top-section elementor-element elementor-element-79357c77 elementor-section-boxed elementor-section-height-default elementor-section-height-default\" data-id=\"79357c77\" data-element_type=\"section\" data-e-type=\"section\">\n\t\t\t\t\t\t<div class=\"elementor-container elementor-column-gap-default\">\n\t\t\t\t\t<div class=\"elementor-column elementor-col-33 elementor-top-column elementor-element elementor-element-3b02e6c5\" data-id=\"3b02e6c5\" data-element_type=\"column\" data-e-type=\"column\">\n\t\t\t<div class=\"elementor-widget-wrap elementor-element-populated\">\n\t\t\t\t\t\t<div class=\"elementor-element elementor-element-5cec5692 elementor-widget elementor-widget-image\" data-id=\"5cec5692\" data-element_type=\"widget\" data-e-type=\"widget\" data-widget_type=\"image.default\">\n\t\t\t\t<div class=\"elementor-widget-container\">\n\t\t\t\t\t\t\t\t\t\t\t\t\t\t\t<img fetchpriority=\"high\" decoding=\"async\" width=\"343\" height=\"1024\" src=\"https:\/\/www.hautescances.com\/wp-content\/uploads\/2021\/11\/BT-Hautes-Cances-CDR-rouge-1-343x1024.jpg\" class=\"attachment-large size-large wp-image-9597\" alt=\"C\u00f4tes du Rh\u00f4ne les Hautes Cances rouge\" srcset=\"https:\/\/www.hautescances.com\/wp-content\/uploads\/2021\/11\/BT-Hautes-Cances-CDR-rouge-1-343x1024.jpg 343w, https:\/\/www.hautescances.com\/wp-content\/uploads\/2021\/11\/BT-Hautes-Cances-CDR-rouge-1.jpg 475w\" sizes=\"(max-width: 343px) 100vw, 343px\" \/>\t\t\t\t\t\t\t\t\t\t\t\t\t\t\t<\/div>\n\t\t\t\t<\/div>\n\t\t\t\t\t<\/div>\n\t\t<\/div>\n\t\t\t\t<div class=\"elementor-column elementor-col-33 elementor-top-column elementor-element elementor-element-18129f8c\" data-id=\"18129f8c\" data-element_type=\"column\" data-e-type=\"column\">\n\t\t\t<div class=\"elementor-widget-wrap elementor-element-populated\">\n\t\t\t\t\t\t<div class=\"elementor-element elementor-element-51ac1929 elementor-widget elementor-widget-heading\" data-id=\"51ac1929\" data-element_type=\"widget\" data-e-type=\"widget\" data-widget_type=\"heading.default\">\n\t\t\t\t<div class=\"elementor-widget-container\">\n\t\t\t\t\t<h1 class=\"elementor-heading-title elementor-size-default\">c\u00f4tes du rh\u00f4ne<\/h1>\t\t\t\t<\/div>\n\t\t\t\t<\/div>\n\t\t\t\t<div class=\"elementor-element elementor-element-26ed5138 elementor-widget elementor-widget-heading\" data-id=\"26ed5138\" data-element_type=\"widget\" data-e-type=\"widget\" data-widget_type=\"heading.default\">\n\t\t\t\t<div class=\"elementor-widget-container\">\n\t\t\t\t\t<p class=\"elementor-heading-title elementor-size-default\">Red<\/p>\t\t\t\t<\/div>\n\t\t\t\t<\/div>\n\t\t\t\t<div class=\"elementor-element elementor-element-4009c9e elementor-widget-divider--view-line elementor-widget elementor-widget-divider\" data-id=\"4009c9e\" data-element_type=\"widget\" data-e-type=\"widget\" data-widget_type=\"divider.default\">\n\t\t\t\t<div class=\"elementor-widget-container\">\n\t\t\t\t\t\t\t<div class=\"elementor-divider\">\n\t\t\t<span class=\"elementor-divider-separator\">\n\t\t\t\t\t\t<\/span>\n\t\t<\/div>\n\t\t\t\t\t\t<\/div>\n\t\t\t\t<\/div>\n\t\t\t\t<div class=\"elementor-element elementor-element-1e7dc9fc elementor-widget elementor-widget-image\" data-id=\"1e7dc9fc\" data-element_type=\"widget\" data-e-type=\"widget\" data-widget_type=\"image.default\">\n\t\t\t\t<div class=\"elementor-widget-container\">\n\t\t\t\t\t\t\t\t\t\t\t\t\t\t\t<img decoding=\"async\" width=\"70\" height=\"70\" src=\"https:\/\/www.hautescances.com\/wp-content\/uploads\/2021\/08\/ic-terroir-1.png\" class=\"attachment-large size-large wp-image-9170\" alt=\"\" \/>\t\t\t\t\t\t\t\t\t\t\t\t\t\t\t<\/div>\n\t\t\t\t<\/div>\n\t\t\t\t<div class=\"elementor-element elementor-element-3c03831c elementor-widget elementor-widget-heading\" data-id=\"3c03831c\" data-element_type=\"widget\" data-e-type=\"widget\" data-widget_type=\"heading.default\">\n\t\t\t\t<div class=\"elementor-widget-container\">\n\t\t\t\t\t<p class=\"elementor-heading-title elementor-size-default\">Terroir<\/p>\t\t\t\t<\/div>\n\t\t\t\t<\/div>\n\t\t\t\t<div class=\"elementor-element elementor-element-2cba45ec elementor-widget elementor-widget-text-editor\" data-id=\"2cba45ec\" data-element_type=\"widget\" data-e-type=\"widget\" data-widget_type=\"text-editor.default\">\n\t\t\t\t<div class=\"elementor-widget-container\">\n\t\t\t\t\t\t\t\t\t<p>Our old vines (more than 50 years old) at the origin of this C\u00f4tes du Rh\u00f4ne are located on different plots of land in the neighbouring villages of Cairanne, notably on the heights of the &#8220;Montagne du Ventabren&#8221;, with a northern exposure which favours maximum freshness in this cuv\u00e9e.<\/p>\t\t\t\t\t\t\t\t<\/div>\n\t\t\t\t<\/div>\n\t\t\t\t<div class=\"elementor-element elementor-element-27f55bfa elementor-widget elementor-widget-image\" data-id=\"27f55bfa\" data-element_type=\"widget\" data-e-type=\"widget\" data-widget_type=\"image.default\">\n\t\t\t\t<div class=\"elementor-widget-container\">\n\t\t\t\t\t\t\t\t\t\t\t\t\t\t\t<img decoding=\"async\" width=\"70\" height=\"70\" src=\"https:\/\/www.hautescances.com\/wp-content\/uploads\/2021\/08\/ic-vini-1.png\" class=\"attachment-large size-large wp-image-9168\" alt=\"\" \/>\t\t\t\t\t\t\t\t\t\t\t\t\t\t\t<\/div>\n\t\t\t\t<\/div>\n\t\t\t\t<div class=\"elementor-element elementor-element-84cb1cb elementor-widget elementor-widget-heading\" data-id=\"84cb1cb\" data-element_type=\"widget\" data-e-type=\"widget\" data-widget_type=\"heading.default\">\n\t\t\t\t<div class=\"elementor-widget-container\">\n\t\t\t\t\t<p class=\"elementor-heading-title elementor-size-default\">vinification<\/p>\t\t\t\t<\/div>\n\t\t\t\t<\/div>\n\t\t\t\t<div class=\"elementor-element elementor-element-17a06147 elementor-widget elementor-widget-text-editor\" data-id=\"17a06147\" data-element_type=\"widget\" data-e-type=\"widget\" data-widget_type=\"text-editor.default\">\n\t\t\t\t<div class=\"elementor-widget-container\">\n\t\t\t\t\t\t\t\t\t<p>Grapes, harvested by hand, are gravity fed into the concrete vats after a total destemming. The vinification is then traditionally done during 15 days. No added yeast and the wines are not fined.<\/p><p>Aging of 3 months in vats and 12 months in Burgundy oak barrels of 3 or 4 years. Bottling without filtration <\/p>\t\t\t\t\t\t\t\t<\/div>\n\t\t\t\t<\/div>\n\t\t\t\t<div class=\"elementor-element elementor-element-1b5e2503 elementor-widget elementor-widget-image\" data-id=\"1b5e2503\" data-element_type=\"widget\" data-e-type=\"widget\" data-widget_type=\"image.default\">\n\t\t\t\t<div class=\"elementor-widget-container\">\n\t\t\t\t\t\t\t\t\t\t\t\t\t\t\t<img loading=\"lazy\" decoding=\"async\" width=\"70\" height=\"70\" src=\"https:\/\/www.hautescances.com\/wp-content\/uploads\/2021\/08\/ic-verre.png\" class=\"attachment-large size-large wp-image-9172\" alt=\"\" \/>\t\t\t\t\t\t\t\t\t\t\t\t\t\t\t<\/div>\n\t\t\t\t<\/div>\n\t\t\t\t<div class=\"elementor-element elementor-element-7222a6a5 elementor-widget elementor-widget-heading\" data-id=\"7222a6a5\" data-element_type=\"widget\" data-e-type=\"widget\" data-widget_type=\"heading.default\">\n\t\t\t\t<div class=\"elementor-widget-container\">\n\t\t\t\t\t<p class=\"elementor-heading-title elementor-size-default\">TASTING NOTES <\/p>\t\t\t\t<\/div>\n\t\t\t\t<\/div>\n\t\t\t\t<div class=\"elementor-element elementor-element-1f6ca2b7 elementor-widget elementor-widget-text-editor\" data-id=\"1f6ca2b7\" data-element_type=\"widget\" data-e-type=\"widget\" data-widget_type=\"text-editor.default\">\n\t\t\t\t<div class=\"elementor-widget-container\">\n\t\t\t\t\t\t\t\t\t<p>This dark red has a nose of small red fruits and candied black fruits. The palate is remarkable for its roundness, suppleness and balance between sweetness, fruit and tannins.<\/p><p>This cuv\u00e9e will match perfectly with Italian lasagna.<\/p>\t\t\t\t\t\t\t\t<\/div>\n\t\t\t\t<\/div>\n\t\t\t\t\t<\/div>\n\t\t<\/div>\n\t\t\t\t<div class=\"elementor-column elementor-col-33 elementor-top-column elementor-element elementor-element-ec4a42\" data-id=\"ec4a42\" data-element_type=\"column\" data-e-type=\"column\">\n\t\t\t<div class=\"elementor-widget-wrap elementor-element-populated\">\n\t\t\t\t\t\t<section class=\"elementor-section elementor-inner-section elementor-element elementor-element-7cf35f7c elementor-section-boxed elementor-section-height-default elementor-section-height-default\" data-id=\"7cf35f7c\" data-element_type=\"section\" data-e-type=\"section\" data-settings=\"{&quot;background_background&quot;:&quot;classic&quot;}\">\n\t\t\t\t\t\t<div class=\"elementor-container elementor-column-gap-default\">\n\t\t\t\t\t<div class=\"elementor-column elementor-col-100 elementor-inner-column elementor-element elementor-element-582d1c3c\" data-id=\"582d1c3c\" data-element_type=\"column\" data-e-type=\"column\" data-settings=\"{&quot;background_background&quot;:&quot;classic&quot;}\">\n\t\t\t<div class=\"elementor-widget-wrap elementor-element-populated\">\n\t\t\t\t\t\t<div class=\"elementor-element elementor-element-47bba16b elementor-widget elementor-widget-heading\" data-id=\"47bba16b\" data-element_type=\"widget\" data-e-type=\"widget\" data-widget_type=\"heading.default\">\n\t\t\t\t<div class=\"elementor-widget-container\">\n\t\t\t\t\t<p class=\"elementor-heading-title elementor-size-default\">Varieties<\/p>\t\t\t\t<\/div>\n\t\t\t\t<\/div>\n\t\t\t\t<div class=\"elementor-element elementor-element-5a480778 elementor-widget elementor-widget-text-editor\" data-id=\"5a480778\" data-element_type=\"widget\" data-e-type=\"widget\" data-widget_type=\"text-editor.default\">\n\t\t\t\t<div class=\"elementor-widget-container\">\n\t\t\t\t\t\t\t\t\t<p>50% Grenache, 30% Mourv\u00e8dre,<br \/>20% Syrah<\/p>\t\t\t\t\t\t\t\t<\/div>\n\t\t\t\t<\/div>\n\t\t\t\t\t<\/div>\n\t\t<\/div>\n\t\t\t\t\t<\/div>\n\t\t<\/section>\n\t\t\t\t<div class=\"elementor-element elementor-element-4b2ffbea elementor-align-center elementor-widget elementor-widget-button\" data-id=\"4b2ffbea\" data-element_type=\"widget\" data-e-type=\"widget\" data-widget_type=\"button.default\">\n\t\t\t\t<div class=\"elementor-widget-container\">\n\t\t\t\t\t\t\t\t\t<div class=\"elementor-button-wrapper\">\n\t\t\t\t\t<a class=\"elementor-button elementor-button-link elementor-size-sm\" href=\"https:\/\/www.hautescances.com\/wp-content\/uploads\/2024\/11\/EN-FT-Cotes-du-Rhone-Domaine-les-Hautes-Cances-rouge-NM.pdf\" target=\"_blank\">\n\t\t\t\t\t\t<span class=\"elementor-button-content-wrapper\">\n\t\t\t\t\t\t<span class=\"elementor-button-icon\">\n\t\t\t\t<i aria-hidden=\"true\" class=\"fas fa-arrow-alt-circle-down\"><\/i>\t\t\t<\/span>\n\t\t\t\t\t\t\t\t\t<span class=\"elementor-button-text\">Download the technical sheet<\/span>\n\t\t\t\t\t<\/span>\n\t\t\t\t\t<\/a>\n\t\t\t\t<\/div>\n\t\t\t\t\t\t\t\t<\/div>\n\t\t\t\t<\/div>\n\t\t\t\t\t<\/div>\n\t\t<\/div>\n\t\t\t\t\t<\/div>\n\t\t<\/section>\n\t\t\t\t<\/div>\n\t\t","protected":false},"excerpt":{"rendered":"<p>c\u00f4tes du rh\u00f4ne Red Terroir Our old vines (more than 50 years old) at the origin of this C\u00f4tes du Rh\u00f4ne are located on different plots of land in the neighbouring villages of Cairanne, notably on the heights of the &#8220;Montagne du Ventabren&#8221;, with a northern exposure which favours maximum freshness in this cuv\u00e9e. vinification [&hellip;]<\/p>\n","protected":false},"author":12,"featured_media":0,"parent":0,"menu_order":0,"comment_status":"closed","ping_status":"closed","template":"","meta":{"_acf_changed":false,"ocean_post_layout":"","ocean_both_sidebars_style":"","ocean_both_sidebars_content_width":0,"ocean_both_sidebars_sidebars_width":0,"ocean_sidebar":"0","ocean_second_sidebar":"0","ocean_disable_margins":"enable","ocean_add_body_class":"","ocean_shortcode_before_top_bar":"","ocean_shortcode_after_top_bar":"","ocean_shortcode_before_header":"","ocean_shortcode_after_header":"","ocean_has_shortcode":"","ocean_shortcode_after_title":"","ocean_shortcode_before_footer_widgets":"","ocean_shortcode_after_footer_widgets":"","ocean_shortcode_before_footer_bottom":"","ocean_shortcode_after_footer_bottom":"","ocean_display_top_bar":"default","ocean_display_header":"default","ocean_header_style":"","ocean_center_header_left_menu":"0","ocean_custom_header_template":"0","ocean_custom_logo":0,"ocean_custom_retina_logo":0,"ocean_custom_logo_max_width":0,"ocean_custom_logo_tablet_max_width":0,"ocean_custom_logo_mobile_max_width":0,"ocean_custom_logo_max_height":0,"ocean_custom_logo_tablet_max_height":0,"ocean_custom_logo_mobile_max_height":0,"ocean_header_custom_menu":"0","ocean_menu_typo_font_family":"0","ocean_menu_typo_font_subset":"","ocean_menu_typo_font_size":0,"ocean_menu_typo_font_size_tablet":0,"ocean_menu_typo_font_size_mobile":0,"ocean_menu_typo_font_size_unit":"px","ocean_menu_typo_font_weight":"","ocean_menu_typo_font_weight_tablet":"","ocean_menu_typo_font_weight_mobile":"","ocean_menu_typo_transform":"","ocean_menu_typo_transform_tablet":"","ocean_menu_typo_transform_mobile":"","ocean_menu_typo_line_height":0,"ocean_menu_typo_line_height_tablet":0,"ocean_menu_typo_line_height_mobile":0,"ocean_menu_typo_line_height_unit":"","ocean_menu_typo_spacing":0,"ocean_menu_typo_spacing_tablet":0,"ocean_menu_typo_spacing_mobile":0,"ocean_menu_typo_spacing_unit":"","ocean_menu_link_color":"","ocean_menu_link_color_hover":"","ocean_menu_link_color_active":"","ocean_menu_link_background":"","ocean_menu_link_hover_background":"","ocean_menu_link_active_background":"","ocean_menu_social_links_bg":"","ocean_menu_social_hover_links_bg":"","ocean_menu_social_links_color":"","ocean_menu_social_hover_links_color":"","ocean_disable_title":"default","ocean_disable_heading":"default","ocean_post_title":"","ocean_post_subheading":"","ocean_post_title_style":"","ocean_post_title_background_color":"","ocean_post_title_background":0,"ocean_post_title_bg_image_position":"","ocean_post_title_bg_image_attachment":"","ocean_post_title_bg_image_repeat":"","ocean_post_title_bg_image_size":"","ocean_post_title_height":0,"ocean_post_title_bg_overlay":0.5,"ocean_post_title_bg_overlay_color":"","ocean_disable_breadcrumbs":"default","ocean_breadcrumbs_color":"","ocean_breadcrumbs_separator_color":"","ocean_breadcrumbs_links_color":"","ocean_breadcrumbs_links_hover_color":"","ocean_display_footer_widgets":"default","ocean_display_footer_bottom":"default","ocean_custom_footer_template":"0","footnotes":""},"class_list":["post-9477","page","type-page","status-publish","hentry","entry"],"acf":[],"yoast_head":"<!-- This site is optimized with the Yoast SEO plugin v27.3 - https:\/\/yoast.com\/product\/yoast-seo-wordpress\/ -->\n<title>Cairanne Wines C\u00f4tes du Rh\u00f4ne red - Domaine les Hautes Cances<\/title>\n<meta name=\"robots\" content=\"index, follow, max-snippet:-1, max-image-preview:large, max-video-preview:-1\" \/>\n<link rel=\"canonical\" href=\"https:\/\/www.hautescances.com\/en\/cairanne-wines-cotes-du-rhone-red\/\" \/>\n<meta property=\"og:locale\" content=\"en_US\" \/>\n<meta property=\"og:type\" content=\"article\" \/>\n<meta property=\"og:title\" content=\"Cairanne Wines C\u00f4tes du Rh\u00f4ne red - Domaine les Hautes Cances\" \/>\n<meta property=\"og:description\" content=\"c\u00f4tes du rh\u00f4ne Red Terroir Our old vines (more than 50 years old) at the origin of this C\u00f4tes du Rh\u00f4ne are located on different plots of land in the neighbouring villages of Cairanne, notably on the heights of the &#8220;Montagne du Ventabren&#8221;, with a northern exposure which favours maximum freshness in this cuv\u00e9e. vinification [&hellip;]\" \/>\n<meta property=\"og:url\" content=\"https:\/\/www.hautescances.com\/en\/cairanne-wines-cotes-du-rhone-red\/\" \/>\n<meta property=\"og:site_name\" content=\"Domaine les Hautes Cances\" \/>\n<meta property=\"article:publisher\" content=\"https:\/\/www.facebook.com\/hautescances\" \/>\n<meta property=\"article:modified_time\" content=\"2024-11-13T15:35:43+00:00\" \/>\n<meta property=\"og:image\" content=\"https:\/\/www.hautescances.com\/wp-content\/uploads\/2021\/11\/BT-Hautes-Cances-CDR-rouge-1-343x1024.jpg\" \/>\n<meta name=\"twitter:card\" content=\"summary_large_image\" \/>\n<meta name=\"twitter:label1\" content=\"Est. reading time\" \/>\n\t<meta name=\"twitter:data1\" content=\"2 minutes\" \/>\n<script type=\"application\/ld+json\" class=\"yoast-schema-graph\">{\"@context\":\"https:\\\/\\\/schema.org\",\"@graph\":[{\"@type\":\"WebPage\",\"@id\":\"https:\\\/\\\/www.hautescances.com\\\/en\\\/cairanne-wines-cotes-du-rhone-red\\\/\",\"url\":\"https:\\\/\\\/www.hautescances.com\\\/en\\\/cairanne-wines-cotes-du-rhone-red\\\/\",\"name\":\"Cairanne Wines C\u00f4tes du Rh\u00f4ne red - Domaine les Hautes Cances\",\"isPartOf\":{\"@id\":\"https:\\\/\\\/www.hautescances.com\\\/en\\\/#website\"},\"primaryImageOfPage\":{\"@id\":\"https:\\\/\\\/www.hautescances.com\\\/en\\\/cairanne-wines-cotes-du-rhone-red\\\/#primaryimage\"},\"image\":{\"@id\":\"https:\\\/\\\/www.hautescances.com\\\/en\\\/cairanne-wines-cotes-du-rhone-red\\\/#primaryimage\"},\"thumbnailUrl\":\"https:\\\/\\\/www.hautescances.com\\\/wp-content\\\/uploads\\\/2021\\\/11\\\/BT-Hautes-Cances-CDR-rouge-1-343x1024.jpg\",\"datePublished\":\"2021-10-27T09:38:33+00:00\",\"dateModified\":\"2024-11-13T15:35:43+00:00\",\"breadcrumb\":{\"@id\":\"https:\\\/\\\/www.hautescances.com\\\/en\\\/cairanne-wines-cotes-du-rhone-red\\\/#breadcrumb\"},\"inLanguage\":\"en-US\",\"potentialAction\":[{\"@type\":\"ReadAction\",\"target\":[\"https:\\\/\\\/www.hautescances.com\\\/en\\\/cairanne-wines-cotes-du-rhone-red\\\/\"]}]},{\"@type\":\"ImageObject\",\"inLanguage\":\"en-US\",\"@id\":\"https:\\\/\\\/www.hautescances.com\\\/en\\\/cairanne-wines-cotes-du-rhone-red\\\/#primaryimage\",\"url\":\"https:\\\/\\\/www.hautescances.com\\\/wp-content\\\/uploads\\\/2021\\\/11\\\/BT-Hautes-Cances-CDR-rouge-1-343x1024.jpg\",\"contentUrl\":\"https:\\\/\\\/www.hautescances.com\\\/wp-content\\\/uploads\\\/2021\\\/11\\\/BT-Hautes-Cances-CDR-rouge-1-343x1024.jpg\"},{\"@type\":\"BreadcrumbList\",\"@id\":\"https:\\\/\\\/www.hautescances.com\\\/en\\\/cairanne-wines-cotes-du-rhone-red\\\/#breadcrumb\",\"itemListElement\":[{\"@type\":\"ListItem\",\"position\":1,\"name\":\"Accueil\",\"item\":\"https:\\\/\\\/www.hautescances.com\\\/en\\\/\"},{\"@type\":\"ListItem\",\"position\":2,\"name\":\"C\u00f4tes du Rh\u00f4ne Red\"}]},{\"@type\":\"WebSite\",\"@id\":\"https:\\\/\\\/www.hautescances.com\\\/en\\\/#website\",\"url\":\"https:\\\/\\\/www.hautescances.com\\\/en\\\/\",\"name\":\"Domaine les Hautes Cances\",\"description\":\"\",\"publisher\":{\"@id\":\"https:\\\/\\\/www.hautescances.com\\\/en\\\/#organization\"},\"potentialAction\":[{\"@type\":\"SearchAction\",\"target\":{\"@type\":\"EntryPoint\",\"urlTemplate\":\"https:\\\/\\\/www.hautescances.com\\\/en\\\/?s={search_term_string}\"},\"query-input\":{\"@type\":\"PropertyValueSpecification\",\"valueRequired\":true,\"valueName\":\"search_term_string\"}}],\"inLanguage\":\"en-US\"},{\"@type\":\"Organization\",\"@id\":\"https:\\\/\\\/www.hautescances.com\\\/en\\\/#organization\",\"name\":\"Domaine Hautes Cances\",\"url\":\"https:\\\/\\\/www.hautescances.com\\\/en\\\/\",\"logo\":{\"@type\":\"ImageObject\",\"inLanguage\":\"en-US\",\"@id\":\"https:\\\/\\\/www.hautescances.com\\\/en\\\/#\\\/schema\\\/logo\\\/image\\\/\",\"url\":\"https:\\\/\\\/www.hautescances.com\\\/wp-content\\\/uploads\\\/2018\\\/11\\\/logo-1.png\",\"contentUrl\":\"https:\\\/\\\/www.hautescances.com\\\/wp-content\\\/uploads\\\/2018\\\/11\\\/logo-1.png\",\"width\":282,\"height\":159,\"caption\":\"Domaine Hautes Cances\"},\"image\":{\"@id\":\"https:\\\/\\\/www.hautescances.com\\\/en\\\/#\\\/schema\\\/logo\\\/image\\\/\"},\"sameAs\":[\"https:\\\/\\\/www.facebook.com\\\/hautescances\",\"https:\\\/\\\/www.instagram.com\\\/domaineleshautescances\\\/\"]}]}<\/script>\n<!-- \/ Yoast SEO plugin. -->","yoast_head_json":{"title":"Cairanne Wines C\u00f4tes du Rh\u00f4ne red - Domaine les Hautes Cances","robots":{"index":"index","follow":"follow","max-snippet":"max-snippet:-1","max-image-preview":"max-image-preview:large","max-video-preview":"max-video-preview:-1"},"canonical":"https:\/\/www.hautescances.com\/en\/cairanne-wines-cotes-du-rhone-red\/","og_locale":"en_US","og_type":"article","og_title":"Cairanne Wines C\u00f4tes du Rh\u00f4ne red - Domaine les Hautes Cances","og_description":"c\u00f4tes du rh\u00f4ne Red Terroir Our old vines (more than 50 years old) at the origin of this C\u00f4tes du Rh\u00f4ne are located on different plots of land in the neighbouring villages of Cairanne, notably on the heights of the &#8220;Montagne du Ventabren&#8221;, with a northern exposure which favours maximum freshness in this cuv\u00e9e. vinification [&hellip;]","og_url":"https:\/\/www.hautescances.com\/en\/cairanne-wines-cotes-du-rhone-red\/","og_site_name":"Domaine les Hautes Cances","article_publisher":"https:\/\/www.facebook.com\/hautescances","article_modified_time":"2024-11-13T15:35:43+00:00","og_image":[{"url":"https:\/\/www.hautescances.com\/wp-content\/uploads\/2021\/11\/BT-Hautes-Cances-CDR-rouge-1-343x1024.jpg","type":"","width":"","height":""}],"twitter_card":"summary_large_image","twitter_misc":{"Est. reading time":"2 minutes"},"schema":{"@context":"https:\/\/schema.org","@graph":[{"@type":"WebPage","@id":"https:\/\/www.hautescances.com\/en\/cairanne-wines-cotes-du-rhone-red\/","url":"https:\/\/www.hautescances.com\/en\/cairanne-wines-cotes-du-rhone-red\/","name":"Cairanne Wines C\u00f4tes du Rh\u00f4ne red - Domaine les Hautes Cances","isPartOf":{"@id":"https:\/\/www.hautescances.com\/en\/#website"},"primaryImageOfPage":{"@id":"https:\/\/www.hautescances.com\/en\/cairanne-wines-cotes-du-rhone-red\/#primaryimage"},"image":{"@id":"https:\/\/www.hautescances.com\/en\/cairanne-wines-cotes-du-rhone-red\/#primaryimage"},"thumbnailUrl":"https:\/\/www.hautescances.com\/wp-content\/uploads\/2021\/11\/BT-Hautes-Cances-CDR-rouge-1-343x1024.jpg","datePublished":"2021-10-27T09:38:33+00:00","dateModified":"2024-11-13T15:35:43+00:00","breadcrumb":{"@id":"https:\/\/www.hautescances.com\/en\/cairanne-wines-cotes-du-rhone-red\/#breadcrumb"},"inLanguage":"en-US","potentialAction":[{"@type":"ReadAction","target":["https:\/\/www.hautescances.com\/en\/cairanne-wines-cotes-du-rhone-red\/"]}]},{"@type":"ImageObject","inLanguage":"en-US","@id":"https:\/\/www.hautescances.com\/en\/cairanne-wines-cotes-du-rhone-red\/#primaryimage","url":"https:\/\/www.hautescances.com\/wp-content\/uploads\/2021\/11\/BT-Hautes-Cances-CDR-rouge-1-343x1024.jpg","contentUrl":"https:\/\/www.hautescances.com\/wp-content\/uploads\/2021\/11\/BT-Hautes-Cances-CDR-rouge-1-343x1024.jpg"},{"@type":"BreadcrumbList","@id":"https:\/\/www.hautescances.com\/en\/cairanne-wines-cotes-du-rhone-red\/#breadcrumb","itemListElement":[{"@type":"ListItem","position":1,"name":"Accueil","item":"https:\/\/www.hautescances.com\/en\/"},{"@type":"ListItem","position":2,"name":"C\u00f4tes du Rh\u00f4ne Red"}]},{"@type":"WebSite","@id":"https:\/\/www.hautescances.com\/en\/#website","url":"https:\/\/www.hautescances.com\/en\/","name":"Domaine les Hautes Cances","description":"","publisher":{"@id":"https:\/\/www.hautescances.com\/en\/#organization"},"potentialAction":[{"@type":"SearchAction","target":{"@type":"EntryPoint","urlTemplate":"https:\/\/www.hautescances.com\/en\/?s={search_term_string}"},"query-input":{"@type":"PropertyValueSpecification","valueRequired":true,"valueName":"search_term_string"}}],"inLanguage":"en-US"},{"@type":"Organization","@id":"https:\/\/www.hautescances.com\/en\/#organization","name":"Domaine Hautes Cances","url":"https:\/\/www.hautescances.com\/en\/","logo":{"@type":"ImageObject","inLanguage":"en-US","@id":"https:\/\/www.hautescances.com\/en\/#\/schema\/logo\/image\/","url":"https:\/\/www.hautescances.com\/wp-content\/uploads\/2018\/11\/logo-1.png","contentUrl":"https:\/\/www.hautescances.com\/wp-content\/uploads\/2018\/11\/logo-1.png","width":282,"height":159,"caption":"Domaine Hautes Cances"},"image":{"@id":"https:\/\/www.hautescances.com\/en\/#\/schema\/logo\/image\/"},"sameAs":["https:\/\/www.facebook.com\/hautescances","https:\/\/www.instagram.com\/domaineleshautescances\/"]}]}},"_links":{"self":[{"href":"https:\/\/www.hautescances.com\/en\/wp-json\/wp\/v2\/pages\/9477","targetHints":{"allow":["GET"]}}],"collection":[{"href":"https:\/\/www.hautescances.com\/en\/wp-json\/wp\/v2\/pages"}],"about":[{"href":"https:\/\/www.hautescances.com\/en\/wp-json\/wp\/v2\/types\/page"}],"author":[{"embeddable":true,"href":"https:\/\/www.hautescances.com\/en\/wp-json\/wp\/v2\/users\/12"}],"replies":[{"embeddable":true,"href":"https:\/\/www.hautescances.com\/en\/wp-json\/wp\/v2\/comments?post=9477"}],"version-history":[{"count":5,"href":"https:\/\/www.hautescances.com\/en\/wp-json\/wp\/v2\/pages\/9477\/revisions"}],"predecessor-version":[{"id":10927,"href":"https:\/\/www.hautescances.com\/en\/wp-json\/wp\/v2\/pages\/9477\/revisions\/10927"}],"wp:attachment":[{"href":"https:\/\/www.hautescances.com\/en\/wp-json\/wp\/v2\/media?parent=9477"}],"curies":[{"name":"wp","href":"https:\/\/api.w.org\/{rel}","templated":true}]}}